{"id":2711,"date":"2023-01-02T07:14:21","date_gmt":"2023-01-02T07:14:21","guid":{"rendered":"http:\/\/clapat-themes.com\/wordpress\/harington\/?page_id=2711"},"modified":"2024-11-05T22:34:19","modified_gmt":"2024-11-05T21:34:19","slug":"about-thomas-coucq","status":"publish","type":"page","link":"https:\/\/thomascoucq.com\/index.php\/about-thomas-coucq\/","title":{"rendered":"\u00c0 propos"},"content":{"rendered":"\n<div class=\"wp-block-harington-gutenberg-container content-row light-section full row_padding_top row_padding_left row_padding_right\" data-bgcolor=\"#eeeeee\" style=\"text-align:left\">\n<div class=\"wp-block-columns is-layout-flex wp-container-core-columns-is-layout-9d6595d7 wp-block-columns-is-layout-flex\">\n<div class=\"wp-block-column is-layout-flow wp-block-column-is-layout-flow\" style=\"flex-basis:33.33%\">\n<h6 class=\"wp-block-heading has-mask\"><strong>\/ 01<\/strong><\/h6>\n<\/div>\n\n\n\n<div class=\"wp-block-column is-layout-flow wp-block-column-is-layout-flow\" style=\"flex-basis:66.66%\">\n<h6 class=\"wp-block-heading has-mask\" id=\"manifeste\"><strong>\/ Manifeste<\/strong><\/h6>\n<\/div>\n<\/div>\n\n\n\n<p><\/p>\n\n\n\n<hr><hr>\n\n\n\n<div class=\"wp-block-columns is-layout-flex wp-container-core-columns-is-layout-9d6595d7 wp-block-columns-is-layout-flex\">\n<div class=\"wp-block-column is-layout-flow wp-block-column-is-layout-flow\" style=\"flex-basis:2%\"><\/div>\n\n\n\n<div class=\"wp-block-column is-vertically-aligned-center is-layout-flow wp-block-column-is-layout-flow\" style=\"flex-basis:33.33%\">\n<div class=\"vertical-parallax\" data-startparallax=\"0.3\" data-endparallax=\"0.7\"><figure class=\"has-animation \" data-delay=\"400\"><a class=\"image-link\" href=\"https:\/\/thomascoucq.com\/wp-content\/uploads\/2023\/07\/Failles-72-dpi-1080x1080pour-le-web-2-min-copyright_thomas_coucq.jpg\"><img decoding=\"async\" src=\"https:\/\/thomascoucq.com\/wp-content\/uploads\/2023\/07\/Failles-72-dpi-1080x1080pour-le-web-2-min-copyright_thomas_coucq.jpg\" alt=\"Failles Photo argentique-copyright Thomas Coucq\" \/><\/a><figcaption><\/figcaption><\/figure><\/div>\n<\/div>\n\n\n\n<div class=\"wp-block-column is-layout-flow wp-block-column-is-layout-flow\" style=\"flex-basis:2%\"><\/div>\n\n\n\n<div class=\"wp-block-column is-layout-flow wp-block-column-is-layout-flow\" style=\"flex-basis:66.66%\">\n<h4 class=\"wp-block-heading has-mask\">D\u00e9clencher ; inscrire un instant au c\u0153ur de son histoire. Une bo\u00eete noire en main, quelques fractions de secondes pour capter l&rsquo;invisible.<\/h4>\n\n\n\n<p class=\"has-animation\">Une photo n&rsquo;est pas int\u00e9ressante pour ce qu&rsquo;elle montre mais pr\u00e9cis\u00e9ment pour ce que la lumi\u00e8re y inscrit en faux, pour ce qu\u2019elle sugg\u00e8re par soustraction. L\u2019absence, la fantasmagorie, lorsqu\u2019elle habite l\u2019image cr\u00e9e une certaine \u00e9tranget\u00e9, un l\u00e9ger d\u00e9s\u00e9quilibre. Elle ouvre alors une porte vers le magique, l\u2019irrationnel dans lequel s\u2019enracinent nos histoires secr\u00e8tes.<\/p>\n\n\n\n<p class=\"has-animation\">Nous portons en chacun de nous un r\u00e9cit que nous faisons n\u00f4tre, que nous p\u00e9trissons et modelons \u00e0 l\u2019aune de notre subjectivit\u00e9. Nous tissons nos vies de fils invisibles. Encore et encore. Photographier ne consiste pas \u00e0 capturer le pr\u00e9sent mais plut\u00f4t \u00e0 chasser cette fugace et insaisissable intuition, celle qu&rsquo;autre chose existe, qu&rsquo;une histoire intime mais universelle peut \u00eatre racont\u00e9e si l&rsquo;on c\u00e8de \u00e0 cette pulsion ; une l\u00e9g\u00e8re pression d&rsquo;un doigt. Il s&rsquo;agit d&rsquo;un acte d&rsquo;abandon, d&rsquo;une offrande aux dieux et aux faunes qui jadis faisaient chanter les ruisseaux et polissaient la pierre \u00e0 l&rsquo;ombre d&rsquo;un soleil noir. Un rappel du go\u00fbt du sang qui, sur notre langue, r\u00e9veille nos instincts et nos peurs enfouies. Un retour \u00e0 notre animalit\u00e9, \u00e0 un monde sensible, que l&rsquo;on ne peut ni palper, ni quantifier, que l&rsquo;on ne peut qu&rsquo;effleurer et r\u00eaver du bout des yeux.<\/p>\n\n\n\n<p class=\"has-animation\">Ces fantasmagories tentent de mettre au jour une intuition, celle d\u2019une lutte quotidienne contre cette qu\u00eate de rationalit\u00e9, qui cadre nos vies, nous coupe de nos instincts. Renouer avec notre \u00eatre intime&#8230; Apprendre \u00e0 voir au-del\u00e0 du sens des mots et des concepts que nous d\u00e9posons tels des voiles sur mille choses invisibles pour qu&rsquo;ils en \u00e9pousent la forme et que nous puissions dire ais\u00e9ment : cet objet est une boule, celui-ci un carr\u00e9 petit mais aux angles bien pointus, celui-l\u00e0 a une forme oblongue et semble briller. Peu importe les faits objectifs que mettent en sc\u00e8ne ces images, les fictions qu&rsquo;elles v\u00e9hiculent sont autant de v\u00e9rit\u00e9s essentielles. Elles portent en elles mille r\u00e9alit\u00e9s po\u00e9tiques, et autant de graines \u00e0 faire germer. Ces images tentent d\u2019excaver ces v\u00e9rit\u00e9s oniriques, ces fantasmagories. Et de permettre ce faisant d\u2019entrer en r\u00e9sonance, de faire chanter, tintinnabuler doucement les fils sur lesquelles reposent nos vies endormies.<\/p>\n<\/div>\n<\/div>\n<\/div>\n\n\n\n<div class=\"wp-block-harington-gutenberg-container content-row light-section full row_padding_top row_padding_left row_padding_right\" data-bgcolor=\"#eeeeee\" style=\"text-align:left\">\n<div class=\"wp-block-columns is-layout-flex wp-container-core-columns-is-layout-9d6595d7 wp-block-columns-is-layout-flex\">\n<div class=\"wp-block-column is-layout-flow wp-block-column-is-layout-flow\" style=\"flex-basis:33.33%\">\n<h6 class=\"wp-block-heading has-mask\"><strong>\/ 02<\/strong><\/h6>\n<\/div>\n\n\n\n<div class=\"wp-block-column is-layout-flow wp-block-column-is-layout-flow\" style=\"flex-basis:66.66%\">\n<h6 class=\"wp-block-heading has-mask\" id=\"biographie\"><strong>\/ Biographie<\/strong><\/h6>\n<\/div>\n<\/div>\n\n\n\n<p><\/p>\n\n\n\n<hr><hr>\n\n\n\n<div class=\"wp-block-columns is-layout-flex wp-container-core-columns-is-layout-9d6595d7 wp-block-columns-is-layout-flex\">\n<div class=\"wp-block-column is-layout-flow wp-block-column-is-layout-flow\" style=\"flex-basis:66.66%\">\n<h4 class=\"wp-block-heading has-mask\">Thomas Coucq est photographe, tireur, et musicien bruxellois.<\/h4>\n\n\n\n<p class=\"has-animation\">Il d\u00e9couvre la photographie \u00e0 18 ans. Il la pratique d\u2019abord en amateur et exp\u00e9rimente le tirage argentique avec voracit\u00e9. Il se tourne ensuite vers le journalisme qui lui permettra d\u2019aiguiser son \u0153il dans un cadre professionnel. <\/p>\n\n\n\n<p class=\"has-animation\">En parall\u00e8le, il suit un cursus en photographie argentique au sein de l\u2019<a class=\"link\" href=\"https:\/\/www.ecoledesarts.be\/\" target=\"_blank\" rel=\"noreferrer noopener\"><strong>\u00e9cole des arts d\u2019Ixelles<\/strong><\/a>. Il y d\u00e9veloppe un vocabulaire et un style propre marqu\u00e9 par une approche n\u00e9o-pictorialiste. Il travaille la lumi\u00e8re comme une mati\u00e8re noire et dense qu\u2019il p\u00e9trit pour en extraire toute la force expressive. Son attrait pour la litt\u00e9rature et la po\u00e9sie le porte \u00e9galement \u00e0 m\u00ealer ses propres mots \u00e0 ses images et \u00e0 se rapprocher d\u2019une certaine forme de r\u00e9alisme magique, \u00e0 guetter la <em>poi\u00easis<\/em> lorsqu\u2019elle surgit et bouscule le r\u00e9el.<\/p>\n\n\n\n<p class=\"has-animation\">De retour \u00e0 une approche purement plastique depuis quelques ann\u00e9es, il se consacre enti\u00e8rement \u00e0 l\u2019argentique, et tire lui-m\u00eame ses images en chambre noire. Il s\u2019int\u00e9resse en particulier au domaine du r\u00eave, \u00e0 la d\u00e9licate fronti\u00e8re qui existe entre nos r\u00e9alit\u00e9s tangibles et sensibles et s\u2019emploie \u00e0 capturer les fragiles fragments du monde onirique qui transparaissent dans notre quotidien.<\/p>\n\n\n\n<p class=\"has-animation\">Les <a href=\"https:\/\/thomascoucq.com\/\">images<\/a> qui en d\u00e9coulent racontent ces histoires \u00e0 travers de forts contrastes et des noirs envoutants et tour \u00e0 tour brutaux ou d\u00e9licats, r\u00e9sultats d\u2019un parti-pris assum\u00e9. Elles sont sans artifices num\u00e9riques, comme un retour \u00e0 une sobri\u00e9t\u00e9 qui tente de replacer la recherche d\u2019une certaine v\u00e9rit\u00e9 vibrante au centre de nos vies.<\/p>\n<\/div>\n\n\n\n<div class=\"wp-block-column is-layout-flow wp-block-column-is-layout-flow\" style=\"flex-basis:8.5%\"><\/div>\n\n\n\n<div class=\"wp-block-column is-vertically-aligned-center is-layout-flow wp-block-column-is-layout-flow\" style=\"flex-basis:16.33%\"><\/div>\n\n\n\n<div class=\"wp-block-column is-layout-flow wp-block-column-is-layout-flow\" style=\"flex-basis:8.5%\"><\/div>\n<\/div>\n<\/div>\n\n\n\n<div class=\"wp-block-harington-gutenberg-container content-row light-section normal\" data-bgcolor=\"#eeeeee\" style=\"text-align:left\">\n<hr><hr>\n\n\n\n<div class=\"title-moving-outer \"><h1 class=\"title-moving-forward\">guetter la poi\u00easis lorsqu\u2019elle surgit et bouscule le r\u00e9el<\/h1><\/div>\n\n\n\n<hr><hr>\n<\/div>\n\n\n\n<div class=\"wp-block-harington-gutenberg-container content-row light-section full row_padding_top row_padding_left row_padding_right\" data-bgcolor=\"#eeeeee\" style=\"text-align:left\">\n<div class=\"wp-block-columns is-layout-flex wp-container-core-columns-is-layout-9d6595d7 wp-block-columns-is-layout-flex\">\n<div class=\"wp-block-column is-layout-flow wp-block-column-is-layout-flow\" style=\"flex-basis:33.33%\">\n<h6 class=\"wp-block-heading has-mask\"><strong>\/ 03<\/strong><\/h6>\n<\/div>\n\n\n\n<div class=\"wp-block-column is-layout-flow wp-block-column-is-layout-flow\" style=\"flex-basis:66.66%\">\n<h6 class=\"wp-block-heading has-mask\" id=\"choixargentique\"><strong>\/ Le choix de l&rsquo;argentique<\/strong><\/h6>\n<\/div>\n<\/div>\n\n\n\n<p><\/p>\n\n\n\n<hr><hr>\n\n\n\n<div class=\"wp-block-columns is-layout-flex wp-container-core-columns-is-layout-9d6595d7 wp-block-columns-is-layout-flex\">\n<div class=\"wp-block-column is-layout-flow wp-block-column-is-layout-flow\" style=\"flex-basis:3%\"><\/div>\n\n\n\n<div class=\"wp-block-column is-vertically-aligned-center is-layout-flow wp-block-column-is-layout-flow\">\n<class=\"animated-line has-animation\">\n\n\n\n<div class=\"wp-block-columns is-layout-flex wp-container-core-columns-is-layout-9d6595d7 wp-block-columns-is-layout-flex\">\n<div class=\"wp-block-column is-layout-flow wp-block-column-is-layout-flow\" style=\"flex-basis:66.66%\">\n<h5 class=\"wp-block-heading has-mask-fill\">Ce choix du tout-\u00e0-l\u2019argentique est aussi une fa\u00e7on de replacer le corps et l\u2019instinct au centre de l\u2019acte cr\u00e9atif <\/h5>\n<\/div>\n<\/div>\n<\/div>\n\n\n\n<div class=\"wp-block-column is-layout-flow wp-block-column-is-layout-flow\" style=\"flex-basis:3%\"><\/div>\n\n\n\n<div class=\"wp-block-column is-layout-flow wp-block-column-is-layout-flow\" style=\"flex-basis:66.66%\">\n<h4 class=\"wp-block-heading has-mask\">\u00ab J\u2019ai fait le choix de ne photographier que sur pellicule et de tirer mes images en chambre noire sous l&rsquo;agrandisseur. \u00bb<\/h4>\n\n\n\n<p class=\"has-animation\">\u00ab Pas de pixels, pas d\u2019\u00e9cran. Sculpter la lumi\u00e8re, l\u2019inscrire dans les grains d\u2019argent sur le n\u00e9gatif puis sur le papier dans la qui\u00e9tude de la chambre noire me permet d\u2019instiller un tempo plus lent \u00e0 mon travail, proche parfois m\u00eame de l\u2019introspection. Je peux d\u00e8s lors plonger dans mes images, les laisser m\u2019habiter, grandir en moi jusqu\u2019\u00e0 ce qu\u2019elles \u00e9closent sous leur forme finale. \u00bb<\/p>\n\n\n\n<p class=\"has-animation\">\u00ab Ce choix du \u00ab tout-\u00e0-l\u2019argentique \u00bb est aussi une fa\u00e7on de replacer le corps et l\u2019instinct au centre de l\u2019acte cr\u00e9atif. Certains gestes sont accomplis comme des rituels, d\u2019autres naissent d\u2019une intuition qui plonge ses racines profond\u00e9ment en nous. \u00catre attentif \u00e0 ces incursions du magique lors de la cr\u00e9ation, suivre son intuition et se laisser submerger, se laisser balayer par ses \u00e9motions et n\u2019intervenir que sur des supports physiques ensuite tout au long de la gestation des images me permet de conserver une certaine forme de na\u00efvet\u00e9, de primalit\u00e9, qui sert une \u00e9criture sans artifices, qui ne c\u00e8de pas aux tendances et est empreinte \u2013 je l\u2019esp\u00e8re \u2013 d\u2019une certaine virtuosit\u00e9 sobre. \u00bb<\/p>\n\n\n\n<p class=\"has-text-align-right\">Thomas Coucq<\/p>\n<\/div>\n<\/div>\n\n\n\n<hr><hr>\n\n\n\n<div class=\"wp-block-harington-gutenberg-moving-gallery moving-gallery fw-gallery\"><ul class=\"wrapper-gallery\">\n<li><img decoding=\"async\" src=\"https:\/\/thomascoucq.com\/wp-content\/uploads\/2023\/07\/Divers-72-dpi-1080x1080pour-le-web-3-2.jpg\" alt=\"Photo d&#039;illustration@Jesus Santos\/Unsplash\" \/><\/li>\n\n\n\n<li><img decoding=\"async\" src=\"https:\/\/thomascoucq.com\/wp-content\/uploads\/2023\/07\/Divers-72-dpi-1080x1080pour-le-web-1-2.jpg\" alt=\"\" \/><\/li>\n\n\n\n<li><img decoding=\"async\" src=\"https:\/\/thomascoucq.com\/wp-content\/uploads\/2023\/07\/Divers-72-dpi-1080x1080pour-le-web-2-2.jpg\" alt=\"Photo d&#039;illustration@Vladimir Fedotov\/Unsplash\" \/><\/li>\n<\/ul><\/div>\n<\/div>\n\n\n\n<div class=\"wp-block-harington-gutenberg-container content-row light-section normal\" data-bgcolor=\"#eeeeee\" style=\"text-align:left\">\n<p class=\"has-text-align-right has-small-font-size\">*photos d&rsquo;illustrations \u00a9Thomas Couq \u00a9Jesus Santos \u00a9S2 \u00a9Vladimir Fedotov<\/p>\n<\/div>\n\n\n\n<div class=\"wp-block-harington-gutenberg-container content-row light-section full row_padding_left has-animation\" data-bgcolor=\"#eeeeee\" style=\"text-align:left\">\n<div class=\"wp-block-columns is-layout-flex wp-container-core-columns-is-layout-9d6595d7 wp-block-columns-is-layout-flex\">\n<div class=\"wp-block-column is-layout-flow wp-block-column-is-layout-flow\">\n<div class=\"button-box has-animation \" data-delay=\"0\"><div class=\"clapat-button-wrap parallax-wrap hide-ball\"><div class=\"clapat-button parallax-element\"><div class=\"button-border parallax-element-second outline rounded\" data-btncolor=\"#000000\" data-btntextcolor=\"#ffffff\"><a class=\"\" href=\"https:\/\/thomascoucq.com\/index.php\/propriete-intellectuelle\" target=\"_blank\"><span data-hover=\"Photos* et textes @Thomas Coucq\">Photos* et textes @Thomas Coucq<\/span><\/a><\/div><\/div><\/div><\/div>\n\n\n\n<div class=\"button-box has-animation \" data-delay=\"0\"><div class=\"clapat-button-wrap parallax-wrap hide-ball\"><div class=\"clapat-button parallax-element\"><div class=\"button-border parallax-element-second outline rounded\" data-btncolor=\"#000000\" data-btntextcolor=\"#ffffff\"><a class=\"\" href=\"https:\/\/thomascoucq.com\/index.php\/propriete-intellectuelle\" target=\"_blank\"><span data-hover=\"Pas d&rsquo;utilisation  sans autorisation \u00e9crite et pr\u00e9alable de l&rsquo;auteur\">Pas d&rsquo;utilisation  sans autorisation \u00e9crite et pr\u00e9alable de l&rsquo;auteur<\/span><\/a><\/div><\/div><\/div><\/div>\n<\/div>\n\n\n\n<div class=\"wp-block-column is-layout-flow wp-block-column-is-layout-flow\"><\/div>\n\n\n\n<div class=\"wp-block-column is-layout-flow wp-block-column-is-layout-flow\"><\/div>\n<\/div>\n<\/div>\n","protected":false},"excerpt":{"rendered":"","protected":false},"author":1,"featured_media":0,"parent":0,"menu_order":0,"comment_status":"closed","ping_status":"closed","template":"","meta":{"footnotes":""},"class_list":["post-2711","page","type-page","status-publish","hentry"],"yoast_head":"<!-- This site is optimized with the Yoast SEO plugin v26.7 - https:\/\/yoast.com\/wordpress\/plugins\/seo\/ -->\n<title>Thomas Coucq - Photographie et tirage argentique<\/title>\n<meta name=\"description\" content=\"\u00ab J\u2019ai fait le choix de ne photographier que sur pellicules et de tirer mes images en chambre noire \u00bb - Thomas Coucq - Photographie argentique\" \/>\n<meta name=\"robots\" content=\"index, follow, max-snippet:-1, max-image-preview:large, max-video-preview:-1\" \/>\n<link rel=\"canonical\" href=\"https:\/\/thomascoucq.com\/index.php\/about-thomas-coucq\/\" \/>\n<meta property=\"og:locale\" content=\"fr_FR\" \/>\n<meta property=\"og:type\" content=\"article\" \/>\n<meta property=\"og:title\" content=\"Thomas Coucq - Photographie et tirage argentique\" \/>\n<meta property=\"og:description\" content=\"\u00ab J\u2019ai fait le choix de ne photographier que sur pellicules et de tirer mes images en chambre noire \u00bb - Thomas Coucq - Photographie argentique\" \/>\n<meta property=\"og:url\" content=\"https:\/\/thomascoucq.com\/index.php\/about-thomas-coucq\/\" \/>\n<meta property=\"og:site_name\" content=\"Thomascoucq.com\" \/>\n<meta property=\"article:publisher\" content=\"https:\/\/www.facebook.com\/thomcoucq\/\" \/>\n<meta property=\"article:modified_time\" content=\"2024-11-05T21:34:19+00:00\" \/>\n<meta property=\"og:image\" content=\"https:\/\/thomascoucq.com\/wp-content\/uploads\/2023\/07\/Failles-72-dpi-1080x1080pour-le-web-2-min-copyright_thomas_coucq.jpg\" \/>\n\t<meta property=\"og:image:width\" content=\"1080\" \/>\n\t<meta property=\"og:image:height\" content=\"1080\" \/>\n\t<meta property=\"og:image:type\" content=\"image\/jpeg\" \/>\n<meta name=\"twitter:card\" content=\"summary_large_image\" \/>\n<meta name=\"twitter:title\" content=\"Thomas Coucq - Photographie et tirage argentique\" \/>\n<meta name=\"twitter:description\" content=\"\u00ab J\u2019ai fait le choix de ne photographier que sur pellicules et de tirer mes images en chambre noire \u00bb - Thomas Coucq - Photographie argentique\" \/>\n<meta name=\"twitter:image\" content=\"https:\/\/thomascoucq.com\/wp-content\/uploads\/2023\/07\/Failles-72-dpi-1080x1080pour-le-web-2-min-copyright_thomas_coucq.jpg\" \/>\n<meta name=\"twitter:label1\" content=\"Dur\u00e9e de lecture estim\u00e9e\" \/>\n\t<meta name=\"twitter:data1\" content=\"5 minutes\" \/>\n<script type=\"application\/ld+json\" class=\"yoast-schema-graph\">{\"@context\":\"https:\/\/schema.org\",\"@graph\":[{\"@type\":\"WebPage\",\"@id\":\"https:\/\/thomascoucq.com\/index.php\/about-thomas-coucq\/\",\"url\":\"https:\/\/thomascoucq.com\/index.php\/about-thomas-coucq\/\",\"name\":\"Thomas Coucq - Photographie et tirage argentique\",\"isPartOf\":{\"@id\":\"https:\/\/thomascoucq.com\/#website\"},\"datePublished\":\"2023-01-02T07:14:21+00:00\",\"dateModified\":\"2024-11-05T21:34:19+00:00\",\"description\":\"\u00ab J\u2019ai fait le choix de ne photographier que sur pellicules et de tirer mes images en chambre noire \u00bb - Thomas Coucq - Photographie argentique\",\"breadcrumb\":{\"@id\":\"https:\/\/thomascoucq.com\/index.php\/about-thomas-coucq\/#breadcrumb\"},\"inLanguage\":\"fr-FR\",\"potentialAction\":[{\"@type\":\"ReadAction\",\"target\":[\"https:\/\/thomascoucq.com\/index.php\/about-thomas-coucq\/\"]}]},{\"@type\":\"BreadcrumbList\",\"@id\":\"https:\/\/thomascoucq.com\/index.php\/about-thomas-coucq\/#breadcrumb\",\"itemListElement\":[{\"@type\":\"ListItem\",\"position\":1,\"name\":\"Accueil\",\"item\":\"https:\/\/thomascoucq.com\/\"},{\"@type\":\"ListItem\",\"position\":2,\"name\":\"\u00c0 propos\"}]},{\"@type\":\"WebSite\",\"@id\":\"https:\/\/thomascoucq.com\/#website\",\"url\":\"https:\/\/thomascoucq.com\/\",\"name\":\"Thomascoucq.com\",\"description\":\"Photographie et tirage argentique\",\"publisher\":{\"@id\":\"https:\/\/thomascoucq.com\/#\/schema\/person\/649009f12f6adcf1cd8097c5380a9a2a\"},\"potentialAction\":[{\"@type\":\"SearchAction\",\"target\":{\"@type\":\"EntryPoint\",\"urlTemplate\":\"https:\/\/thomascoucq.com\/?s={search_term_string}\"},\"query-input\":{\"@type\":\"PropertyValueSpecification\",\"valueRequired\":true,\"valueName\":\"search_term_string\"}}],\"inLanguage\":\"fr-FR\"},{\"@type\":[\"Person\",\"Organization\"],\"@id\":\"https:\/\/thomascoucq.com\/#\/schema\/person\/649009f12f6adcf1cd8097c5380a9a2a\",\"name\":\"admin1844\",\"image\":{\"@type\":\"ImageObject\",\"inLanguage\":\"fr-FR\",\"@id\":\"https:\/\/thomascoucq.com\/#\/schema\/person\/image\/\",\"url\":\"https:\/\/thomascoucq.com\/wp-content\/uploads\/2023\/07\/cropped-FAVICON-Noir-et-blanc-4c-1.png\",\"contentUrl\":\"https:\/\/thomascoucq.com\/wp-content\/uploads\/2023\/07\/cropped-FAVICON-Noir-et-blanc-4c-1.png\",\"width\":512,\"height\":512,\"caption\":\"admin1844\"},\"logo\":{\"@id\":\"https:\/\/thomascoucq.com\/#\/schema\/person\/image\/\"},\"sameAs\":[\"http:\/\/thomascoucq.com\",\"https:\/\/www.facebook.com\/thomcoucq\/\",\"https:\/\/www.instagram.com\/thomcoucq\/\"]}]}<\/script>\n<!-- \/ Yoast SEO plugin. -->","yoast_head_json":{"title":"Thomas Coucq - Photographie et tirage argentique","description":"\u00ab J\u2019ai fait le choix de ne photographier que sur pellicules et de tirer mes images en chambre noire \u00bb - Thomas Coucq - Photographie argentique","robots":{"index":"index","follow":"follow","max-snippet":"max-snippet:-1","max-image-preview":"max-image-preview:large","max-video-preview":"max-video-preview:-1"},"canonical":"https:\/\/thomascoucq.com\/index.php\/about-thomas-coucq\/","og_locale":"fr_FR","og_type":"article","og_title":"Thomas Coucq - Photographie et tirage argentique","og_description":"\u00ab J\u2019ai fait le choix de ne photographier que sur pellicules et de tirer mes images en chambre noire \u00bb - Thomas Coucq - Photographie argentique","og_url":"https:\/\/thomascoucq.com\/index.php\/about-thomas-coucq\/","og_site_name":"Thomascoucq.com","article_publisher":"https:\/\/www.facebook.com\/thomcoucq\/","article_modified_time":"2024-11-05T21:34:19+00:00","og_image":[{"width":1080,"height":1080,"url":"https:\/\/thomascoucq.com\/wp-content\/uploads\/2023\/07\/Failles-72-dpi-1080x1080pour-le-web-2-min-copyright_thomas_coucq.jpg","type":"image\/jpeg"}],"twitter_card":"summary_large_image","twitter_title":"Thomas Coucq - Photographie et tirage argentique","twitter_description":"\u00ab J\u2019ai fait le choix de ne photographier que sur pellicules et de tirer mes images en chambre noire \u00bb - Thomas Coucq - Photographie argentique","twitter_image":"https:\/\/thomascoucq.com\/wp-content\/uploads\/2023\/07\/Failles-72-dpi-1080x1080pour-le-web-2-min-copyright_thomas_coucq.jpg","twitter_misc":{"Dur\u00e9e de lecture estim\u00e9e":"5 minutes"},"schema":{"@context":"https:\/\/schema.org","@graph":[{"@type":"WebPage","@id":"https:\/\/thomascoucq.com\/index.php\/about-thomas-coucq\/","url":"https:\/\/thomascoucq.com\/index.php\/about-thomas-coucq\/","name":"Thomas Coucq - Photographie et tirage argentique","isPartOf":{"@id":"https:\/\/thomascoucq.com\/#website"},"datePublished":"2023-01-02T07:14:21+00:00","dateModified":"2024-11-05T21:34:19+00:00","description":"\u00ab J\u2019ai fait le choix de ne photographier que sur pellicules et de tirer mes images en chambre noire \u00bb - Thomas Coucq - Photographie argentique","breadcrumb":{"@id":"https:\/\/thomascoucq.com\/index.php\/about-thomas-coucq\/#breadcrumb"},"inLanguage":"fr-FR","potentialAction":[{"@type":"ReadAction","target":["https:\/\/thomascoucq.com\/index.php\/about-thomas-coucq\/"]}]},{"@type":"BreadcrumbList","@id":"https:\/\/thomascoucq.com\/index.php\/about-thomas-coucq\/#breadcrumb","itemListElement":[{"@type":"ListItem","position":1,"name":"Accueil","item":"https:\/\/thomascoucq.com\/"},{"@type":"ListItem","position":2,"name":"\u00c0 propos"}]},{"@type":"WebSite","@id":"https:\/\/thomascoucq.com\/#website","url":"https:\/\/thomascoucq.com\/","name":"Thomascoucq.com","description":"Photographie et tirage argentique","publisher":{"@id":"https:\/\/thomascoucq.com\/#\/schema\/person\/649009f12f6adcf1cd8097c5380a9a2a"},"potentialAction":[{"@type":"SearchAction","target":{"@type":"EntryPoint","urlTemplate":"https:\/\/thomascoucq.com\/?s={search_term_string}"},"query-input":{"@type":"PropertyValueSpecification","valueRequired":true,"valueName":"search_term_string"}}],"inLanguage":"fr-FR"},{"@type":["Person","Organization"],"@id":"https:\/\/thomascoucq.com\/#\/schema\/person\/649009f12f6adcf1cd8097c5380a9a2a","name":"admin1844","image":{"@type":"ImageObject","inLanguage":"fr-FR","@id":"https:\/\/thomascoucq.com\/#\/schema\/person\/image\/","url":"https:\/\/thomascoucq.com\/wp-content\/uploads\/2023\/07\/cropped-FAVICON-Noir-et-blanc-4c-1.png","contentUrl":"https:\/\/thomascoucq.com\/wp-content\/uploads\/2023\/07\/cropped-FAVICON-Noir-et-blanc-4c-1.png","width":512,"height":512,"caption":"admin1844"},"logo":{"@id":"https:\/\/thomascoucq.com\/#\/schema\/person\/image\/"},"sameAs":["http:\/\/thomascoucq.com","https:\/\/www.facebook.com\/thomcoucq\/","https:\/\/www.instagram.com\/thomcoucq\/"]}]}},"_links":{"self":[{"href":"https:\/\/thomascoucq.com\/index.php\/wp-json\/wp\/v2\/pages\/2711","targetHints":{"allow":["GET"]}}],"collection":[{"href":"https:\/\/thomascoucq.com\/index.php\/wp-json\/wp\/v2\/pages"}],"about":[{"href":"https:\/\/thomascoucq.com\/index.php\/wp-json\/wp\/v2\/types\/page"}],"author":[{"embeddable":true,"href":"https:\/\/thomascoucq.com\/index.php\/wp-json\/wp\/v2\/users\/1"}],"replies":[{"embeddable":true,"href":"https:\/\/thomascoucq.com\/index.php\/wp-json\/wp\/v2\/comments?post=2711"}],"version-history":[{"count":68,"href":"https:\/\/thomascoucq.com\/index.php\/wp-json\/wp\/v2\/pages\/2711\/revisions"}],"predecessor-version":[{"id":5038,"href":"https:\/\/thomascoucq.com\/index.php\/wp-json\/wp\/v2\/pages\/2711\/revisions\/5038"}],"wp:attachment":[{"href":"https:\/\/thomascoucq.com\/index.php\/wp-json\/wp\/v2\/media?parent=2711"}],"curies":[{"name":"wp","href":"https:\/\/api.w.org\/{rel}","templated":true}]}}