{"id":4584,"date":"2023-08-01T11:40:34","date_gmt":"2023-08-01T09:40:34","guid":{"rendered":"https:\/\/thomascoucq.com\/?page_id=4584"},"modified":"2023-08-17T00:53:15","modified_gmt":"2023-08-16T22:53:15","slug":"newsletter","status":"publish","type":"page","link":"https:\/\/thomascoucq.com\/index.php\/newsletter\/","title":{"rendered":"Newsletter"},"content":{"rendered":"\n<div class=\"wp-block-harington-gutenberg-container content-row light-section full\" data-bgcolor=\"#eeeeee\" style=\"text-align:left\">\n<!-- Begin Brevo Form -->\n<!-- START - We recommend to place the below code in head tag of your website html  -->\n<style>\n  @font-face {\n    font-display: block;\n    font-family: Roboto;\n    src: url(https:\/\/assets.brevo.com\/font\/Roboto\/Latin\/normal\/normal\/7529907e9eaf8ebb5220c5f9850e3811.woff2) format(\"woff2\"), url(https:\/\/assets.brevo.com\/font\/Roboto\/Latin\/normal\/normal\/25c678feafdc175a70922a116c9be3e7.woff) format(\"woff\")\n  }\n\n  @font-face {\n    font-display: fallback;\n    font-family: Roboto;\n    font-weight: 600;\n    src: url(https:\/\/assets.brevo.com\/font\/Roboto\/Latin\/medium\/normal\/6e9caeeafb1f3491be3e32744bc30440.woff2) format(\"woff2\"), url(https:\/\/assets.brevo.com\/font\/Roboto\/Latin\/medium\/normal\/71501f0d8d5aa95960f6475d5487d4c2.woff) format(\"woff\")\n  }\n\n  @font-face {\n    font-display: fallback;\n    font-family: Roboto;\n    font-weight: 700;\n    src: url(https:\/\/assets.brevo.com\/font\/Roboto\/Latin\/bold\/normal\/3ef7cf158f310cf752d5ad08cd0e7e60.woff2) format(\"woff2\"), url(https:\/\/assets.brevo.com\/font\/Roboto\/Latin\/bold\/normal\/ece3a1d82f18b60bcce0211725c476aa.woff) format(\"woff\")\n  }\n\n  #sib-container input:-ms-input-placeholder {\n    text-align: left;\n    font-family: \"Helvetica\", sans-serif;\n    color: #c0ccda;\n  }\n\n  #sib-container input::placeholder {\n    text-align: left;\n    font-family: \"Helvetica\", sans-serif;\n    color: #c0ccda;\n  }\n\n  #sib-container textarea::placeholder {\n    text-align: left;\n    font-family: \"Helvetica\", sans-serif;\n    color: #c0ccda;\n  }\n<\/style>\n<link rel=\"stylesheet\" href=\"https:\/\/sibforms.com\/forms\/end-form\/build\/sib-styles.css\">\n<!--  END - We recommend to place the above code in head tag of your website html -->\n\n<!-- START - We recommend to place the below code where you want the form in your website html  -->\n<div class=\"sib-form\" style=\"text-align: center;\n                 background-image: url(https:\/\/img.mailinblue.com\/6369221\/images\/rnb\/original\/64c8ed5d78878833ce37e903.jpg);           background-size: cover;         background-repeat: no-repeat;         background-position: center center; \">\n  <div id=\"sib-form-container\" class=\"sib-form-container\">\n    <div id=\"error-message\" class=\"sib-form-message-panel\" style=\"font-size:16px; text-align:left; font-family:&quot;Helvetica&quot;, sans-serif; color:#661d1d; background-color:#ffeded; border-radius:3px; border-color:#ff4949;max-width:540px;\">\n      <div class=\"sib-form-message-panel__text sib-form-message-panel__text--center\">\n        <svg viewBox=\"0 0 512 512\" class=\"sib-icon sib-notification__icon\">\n          <path d=\"M256 40c118.621 0 216 96.075 216 216 0 119.291-96.61 216-216 216-119.244 0-216-96.562-216-216 0-119.203 96.602-216 216-216m0-32C119.043 8 8 119.083 8 256c0 136.997 111.043 248 248 248s248-111.003 248-248C504 119.083 392.957 8 256 8zm-11.49 120h22.979c6.823 0 12.274 5.682 11.99 12.5l-7 168c-.268 6.428-5.556 11.5-11.99 11.5h-8.979c-6.433 0-11.722-5.073-11.99-11.5l-7-168c-.283-6.818 5.167-12.5 11.99-12.5zM256 340c-15.464 0-28 12.536-28 28s12.536 28 28 28 28-12.536 28-28-12.536-28-28-28z\" \/>\n        <\/svg>\n        <span class=\"sib-form-message-panel__inner-text\">\n                          Nous n&#039;avons pas pu confirmer votre inscription.\n                      <\/span>\n      <\/div>\n    <\/div>\n    <div><\/div>\n    <div id=\"success-message\" class=\"sib-form-message-panel\" style=\"font-size:16px; text-align:left; font-family:&quot;Helvetica&quot;, sans-serif; color:#085229; background-color:#e7faf0; border-radius:3px; border-color:#13ce66;max-width:540px;\">\n      <div class=\"sib-form-message-panel__text sib-form-message-panel__text--center\">\n        <svg viewBox=\"0 0 512 512\" class=\"sib-icon sib-notification__icon\">\n          <path d=\"M256 8C119.033 8 8 119.033 8 256s111.033 248 248 248 248-111.033 248-248S392.967 8 256 8zm0 464c-118.664 0-216-96.055-216-216 0-118.663 96.055-216 216-216 118.664 0 216 96.055 216 216 0 118.663-96.055 216-216 216zm141.63-274.961L217.15 376.071c-4.705 4.667-12.303 4.637-16.97-.068l-85.878-86.572c-4.667-4.705-4.637-12.303.068-16.97l8.52-8.451c4.705-4.667 12.303-4.637 16.97.068l68.976 69.533 163.441-162.13c4.705-4.667 12.303-4.637 16.97.068l8.451 8.52c4.668 4.705 4.637 12.303-.068 16.97z\" \/>\n        <\/svg>\n        <span class=\"sib-form-message-panel__inner-text\">\n                          Merci ! Votre inscription est confirm\u00e9e.\n                      <\/span>\n      <\/div>\n    <\/div>\n    <div><\/div>\n    <div id=\"sib-container\" class=\"sib-container--large sib-container--vertical\" style=\"text-align:center; background-color:rgba(238,238,238,0.89); max-width:540px; border-radius:25px; border-width:0px; border-color:#C0CCD9; border-style:solid; direction:ltr\">\n      <form id=\"sib-form\" method=\"POST\" action=\"https:\/\/bb621a6b.sibforms.com\/serve\/MUIFAKSm7a4SDGElJTiNBodMErBZNkAj7qzCJ6Yo_832TDj7DsFxokAXK70F1-mlqKV9pic2wq32hU-CVZ1f2oMCelW-V72oLdFRXj10B6IP_TxH5EyWU7vgNa61KrmOtPOCTVTSpRTd0kT4B4k_Anq2cfGU6BrLuafgitumPUDTNesXvqclq2g-cW4-skXmncewYYAXSBPGAMQi\" data-type=\"subscription\">\n        <div style=\"padding: 8px 0;\">\n          <div class=\"sib-form-block\" style=\"font-size:15px; text-align:center; font-family:&quot;Helvetica&quot;, sans-serif; color:#171717; background-color:transparent; text-align:center\">\n            <div class=\"sib-text-form-block\">\n              <p>Inscrivez-vous \u00e0 notre newsletter pour \u00eatre tenu inform\u00e9 des prochaines expositions, des workshops, des actualit\u00e9s&#8230;<\/p>\n            <\/div>\n          <\/div>\n        <\/div>\n        <div style=\"padding: 8px 0;\">\n          <div class=\"sib-input sib-form-block\">\n            <div class=\"form__entry entry_block\">\n              <div class=\"form__label-row \">\n\n                <div class=\"entry__field\">\n                  <input class=\"input \" type=\"text\" id=\"EMAIL\" name=\"EMAIL\" autocomplete=\"off\" placeholder=\"E-mail\" data-required=\"true\" required \/>\n                <\/div>\n              <\/div>\n\n              <label class=\"entry__error entry__error--primary\" style=\"font-size:16px; text-align:left; font-family:&quot;Helvetica&quot;, sans-serif; color:#661d1d; background-color:#ffeded; border-radius:3px; border-color:#ff4949;\">\n              <\/label>\n            <\/div>\n          <\/div>\n        <\/div>\n        <div style=\"padding: 8px 0;\">\n          <div class=\"sib-form-block\" style=\"text-align: center\">\n            <button class=\"sib-form-block__button sib-form-block__button-with-loader\" style=\"font-size:16px; text-align:center; font-weight:700; font-family:&quot;Helvetica&quot;, sans-serif; color:#ffffff; background-color:#171717; border-radius:11px; border-width:0px;\" form=\"sib-form\" type=\"submit\">\n              <svg class=\"icon clickable__icon progress-indicator__icon sib-hide-loader-icon\" viewBox=\"0 0 512 512\">\n                <path d=\"M460.116 373.846l-20.823-12.022c-5.541-3.199-7.54-10.159-4.663-15.874 30.137-59.886 28.343-131.652-5.386-189.946-33.641-58.394-94.896-95.833-161.827-99.676C261.028 55.961 256 50.751 256 44.352V20.309c0-6.904 5.808-12.337 12.703-11.982 83.556 4.306 160.163 50.864 202.11 123.677 42.063 72.696 44.079 162.316 6.031 236.832-3.14 6.148-10.75 8.461-16.728 5.01z\" \/>\n              <\/svg>\n              S&#039;inscrire \u00e0 la NEWSLETTER\n            <\/button>\n          <\/div>\n        <\/div>\n        <div style=\"padding: 8px 0;\">\n          <div class=\"sib-form-block sib-divider-form-block\">\n            <div style=\"border: 0; border-bottom: 1px solid #eeeeee\"><\/div>\n          <\/div>\n        <\/div>\n        <div style=\"padding: 8px 0;\">\n          <div class=\"sib-optin sib-form-block\">\n            <div class=\"form__entry entry_mcq\">\n              <div class=\"form__label-row \">\n                <div class=\"entry__choice\" style=\"\">\n                  <label>\n                    <input type=\"checkbox\" class=\"input_replaced\" value=\"1\" id=\"OPT_IN\" name=\"OPT_IN\" \/>\n                    <span class=\"checkbox checkbox_tick_positive\"\n            style=\"margin-left:\"\n            ><\/span><span style=\"font-size:12px; text-align:left; font-family:&quot;Helvetica&quot;, sans-serif; color:#171717; background-color:transparent;\"><p>En cochant \u00ab\u00a0oui\u00a0\u00bb, vous donnez votre consentement pour que nous puissions traiter et utiliser vos donn\u00e9es afin de vous envoyer r\u00e9guli\u00e8rement cette newsletter et confirmez avoir pris connaissance de notre <a href=\"https:\/\/thomascoucq.com\/index.php\/politique-de-confidentialite-2\/?preview=true\" target=\"_blank\" rel=\"noopener\">politique de confidentialit\u00e9<\/a> et de nos <a href=\"https:\/\/thomascoucq.com\/index.php\/conditions-generales\" target=\"_blank\" rel=\"noopener\">conditions g\u00e9n\u00e9rales<\/a>.<\/p><\/span> <\/label>\n                <\/div>\n              <\/div>\n              <label class=\"entry__error entry__error--primary\" style=\"font-size:16px; text-align:left; font-family:&quot;Helvetica&quot;, sans-serif; color:#661d1d; background-color:#ffeded; border-radius:3px; border-color:#ff4949;\">\n              <\/label>\n            <\/div>\n          <\/div>\n        <\/div>\n\n        <input type=\"text\" name=\"email_address_check\" value=\"\" class=\"input--hidden\">\n        <input type=\"hidden\" name=\"locale\" value=\"fr\">\n      <\/form>\n    <\/div>\n  <\/div>\n<\/div>\n<!-- END - We recommend to place the below code where you want the form in your website html  -->\n\n<!-- START - We recommend to place the below code in footer or bottom of your website html  -->\n<script>\n  window.REQUIRED_CODE_ERROR_MESSAGE = 'Veuillez choisir un code pays';\n  window.LOCALE = 'fr';\n  window.EMAIL_INVALID_MESSAGE = window.SMS_INVALID_MESSAGE = \"Les informations que vous avez fournies ne sont pas valides. Veuillez v\u00e9rifier le format du champ et r\u00e9essayer.\";\n\n  window.REQUIRED_ERROR_MESSAGE = \"Vous devez renseigner ce champ. \";\n\n  window.GENERIC_INVALID_MESSAGE = \"Les informations que vous avez fournies ne sont pas valides. Veuillez v\u00e9rifier le format du champ et r\u00e9essayer.\";\n\n\n\n\n  window.translation = {\n    common: {\n      selectedList: '{quantity} liste s\u00e9lectionn\u00e9e',\n      selectedLists: '{quantity} listes s\u00e9lectionn\u00e9es'\n    }\n  };\n\n  var AUTOHIDE = Boolean(0);\n<\/script>\n<script defer src=\"https:\/\/sibforms.com\/forms\/end-form\/build\/main.js\"><\/script>\n\n\n<!-- END - We recommend to place the above code in footer or bottom of your website html  -->\n<!-- End Brevo Form -->\n<\/div>\n","protected":false},"excerpt":{"rendered":"","protected":false},"author":1,"featured_media":0,"parent":0,"menu_order":0,"comment_status":"closed","ping_status":"closed","template":"","meta":{"footnotes":""},"class_list":["post-4584","page","type-page","status-publish","hentry"],"yoast_head":"<!-- This site is optimized with the Yoast SEO plugin v26.7 - https:\/\/yoast.com\/wordpress\/plugins\/seo\/ -->\n<title>Newsletter - Thomascoucq.com<\/title>\n<meta name=\"robots\" content=\"index, follow, max-snippet:-1, max-image-preview:large, max-video-preview:-1\" \/>\n<link rel=\"canonical\" href=\"https:\/\/thomascoucq.com\/index.php\/newsletter\/\" \/>\n<meta property=\"og:locale\" content=\"fr_FR\" \/>\n<meta property=\"og:type\" content=\"article\" \/>\n<meta property=\"og:title\" content=\"Newsletter - Thomascoucq.com\" \/>\n<meta property=\"og:url\" content=\"https:\/\/thomascoucq.com\/index.php\/newsletter\/\" \/>\n<meta property=\"og:site_name\" content=\"Thomascoucq.com\" \/>\n<meta property=\"article:publisher\" content=\"https:\/\/www.facebook.com\/thomcoucq\/\" \/>\n<meta property=\"article:modified_time\" content=\"2023-08-16T22:53:15+00:00\" \/>\n<meta property=\"og:image\" content=\"https:\/\/thomascoucq.com\/wp-content\/uploads\/2023\/07\/florian-klauer-mk7D-4UCfmg-unsplash.jpg\" \/>\n\t<meta property=\"og:image:width\" content=\"500\" \/>\n\t<meta property=\"og:image:height\" content=\"733\" \/>\n\t<meta property=\"og:image:type\" content=\"image\/jpeg\" \/>\n<meta name=\"twitter:card\" content=\"summary_large_image\" \/>\n<meta name=\"twitter:label1\" content=\"Dur\u00e9e de lecture estim\u00e9e\" \/>\n\t<meta name=\"twitter:data1\" content=\"1 minute\" \/>\n<script type=\"application\/ld+json\" class=\"yoast-schema-graph\">{\"@context\":\"https:\/\/schema.org\",\"@graph\":[{\"@type\":\"WebPage\",\"@id\":\"https:\/\/thomascoucq.com\/index.php\/newsletter\/\",\"url\":\"https:\/\/thomascoucq.com\/index.php\/newsletter\/\",\"name\":\"Newsletter - Thomascoucq.com\",\"isPartOf\":{\"@id\":\"https:\/\/thomascoucq.com\/#website\"},\"datePublished\":\"2023-08-01T09:40:34+00:00\",\"dateModified\":\"2023-08-16T22:53:15+00:00\",\"breadcrumb\":{\"@id\":\"https:\/\/thomascoucq.com\/index.php\/newsletter\/#breadcrumb\"},\"inLanguage\":\"fr-FR\",\"potentialAction\":[{\"@type\":\"ReadAction\",\"target\":[\"https:\/\/thomascoucq.com\/index.php\/newsletter\/\"]}]},{\"@type\":\"BreadcrumbList\",\"@id\":\"https:\/\/thomascoucq.com\/index.php\/newsletter\/#breadcrumb\",\"itemListElement\":[{\"@type\":\"ListItem\",\"position\":1,\"name\":\"Accueil\",\"item\":\"https:\/\/thomascoucq.com\/\"},{\"@type\":\"ListItem\",\"position\":2,\"name\":\"Newsletter\"}]},{\"@type\":\"WebSite\",\"@id\":\"https:\/\/thomascoucq.com\/#website\",\"url\":\"https:\/\/thomascoucq.com\/\",\"name\":\"Thomascoucq.com\",\"description\":\"Photographie et tirage argentique\",\"publisher\":{\"@id\":\"https:\/\/thomascoucq.com\/#\/schema\/person\/649009f12f6adcf1cd8097c5380a9a2a\"},\"potentialAction\":[{\"@type\":\"SearchAction\",\"target\":{\"@type\":\"EntryPoint\",\"urlTemplate\":\"https:\/\/thomascoucq.com\/?s={search_term_string}\"},\"query-input\":{\"@type\":\"PropertyValueSpecification\",\"valueRequired\":true,\"valueName\":\"search_term_string\"}}],\"inLanguage\":\"fr-FR\"},{\"@type\":[\"Person\",\"Organization\"],\"@id\":\"https:\/\/thomascoucq.com\/#\/schema\/person\/649009f12f6adcf1cd8097c5380a9a2a\",\"name\":\"admin1844\",\"image\":{\"@type\":\"ImageObject\",\"inLanguage\":\"fr-FR\",\"@id\":\"https:\/\/thomascoucq.com\/#\/schema\/person\/image\/\",\"url\":\"https:\/\/thomascoucq.com\/wp-content\/uploads\/2023\/07\/cropped-FAVICON-Noir-et-blanc-4c-1.png\",\"contentUrl\":\"https:\/\/thomascoucq.com\/wp-content\/uploads\/2023\/07\/cropped-FAVICON-Noir-et-blanc-4c-1.png\",\"width\":512,\"height\":512,\"caption\":\"admin1844\"},\"logo\":{\"@id\":\"https:\/\/thomascoucq.com\/#\/schema\/person\/image\/\"},\"sameAs\":[\"http:\/\/thomascoucq.com\",\"https:\/\/www.facebook.com\/thomcoucq\/\",\"https:\/\/www.instagram.com\/thomcoucq\/\"]}]}<\/script>\n<!-- \/ Yoast SEO plugin. -->","yoast_head_json":{"title":"Newsletter - Thomascoucq.com","robots":{"index":"index","follow":"follow","max-snippet":"max-snippet:-1","max-image-preview":"max-image-preview:large","max-video-preview":"max-video-preview:-1"},"canonical":"https:\/\/thomascoucq.com\/index.php\/newsletter\/","og_locale":"fr_FR","og_type":"article","og_title":"Newsletter - Thomascoucq.com","og_url":"https:\/\/thomascoucq.com\/index.php\/newsletter\/","og_site_name":"Thomascoucq.com","article_publisher":"https:\/\/www.facebook.com\/thomcoucq\/","article_modified_time":"2023-08-16T22:53:15+00:00","og_image":[{"width":500,"height":733,"url":"https:\/\/thomascoucq.com\/wp-content\/uploads\/2023\/07\/florian-klauer-mk7D-4UCfmg-unsplash.jpg","type":"image\/jpeg"}],"twitter_card":"summary_large_image","twitter_misc":{"Dur\u00e9e de lecture estim\u00e9e":"1 minute"},"schema":{"@context":"https:\/\/schema.org","@graph":[{"@type":"WebPage","@id":"https:\/\/thomascoucq.com\/index.php\/newsletter\/","url":"https:\/\/thomascoucq.com\/index.php\/newsletter\/","name":"Newsletter - Thomascoucq.com","isPartOf":{"@id":"https:\/\/thomascoucq.com\/#website"},"datePublished":"2023-08-01T09:40:34+00:00","dateModified":"2023-08-16T22:53:15+00:00","breadcrumb":{"@id":"https:\/\/thomascoucq.com\/index.php\/newsletter\/#breadcrumb"},"inLanguage":"fr-FR","potentialAction":[{"@type":"ReadAction","target":["https:\/\/thomascoucq.com\/index.php\/newsletter\/"]}]},{"@type":"BreadcrumbList","@id":"https:\/\/thomascoucq.com\/index.php\/newsletter\/#breadcrumb","itemListElement":[{"@type":"ListItem","position":1,"name":"Accueil","item":"https:\/\/thomascoucq.com\/"},{"@type":"ListItem","position":2,"name":"Newsletter"}]},{"@type":"WebSite","@id":"https:\/\/thomascoucq.com\/#website","url":"https:\/\/thomascoucq.com\/","name":"Thomascoucq.com","description":"Photographie et tirage argentique","publisher":{"@id":"https:\/\/thomascoucq.com\/#\/schema\/person\/649009f12f6adcf1cd8097c5380a9a2a"},"potentialAction":[{"@type":"SearchAction","target":{"@type":"EntryPoint","urlTemplate":"https:\/\/thomascoucq.com\/?s={search_term_string}"},"query-input":{"@type":"PropertyValueSpecification","valueRequired":true,"valueName":"search_term_string"}}],"inLanguage":"fr-FR"},{"@type":["Person","Organization"],"@id":"https:\/\/thomascoucq.com\/#\/schema\/person\/649009f12f6adcf1cd8097c5380a9a2a","name":"admin1844","image":{"@type":"ImageObject","inLanguage":"fr-FR","@id":"https:\/\/thomascoucq.com\/#\/schema\/person\/image\/","url":"https:\/\/thomascoucq.com\/wp-content\/uploads\/2023\/07\/cropped-FAVICON-Noir-et-blanc-4c-1.png","contentUrl":"https:\/\/thomascoucq.com\/wp-content\/uploads\/2023\/07\/cropped-FAVICON-Noir-et-blanc-4c-1.png","width":512,"height":512,"caption":"admin1844"},"logo":{"@id":"https:\/\/thomascoucq.com\/#\/schema\/person\/image\/"},"sameAs":["http:\/\/thomascoucq.com","https:\/\/www.facebook.com\/thomcoucq\/","https:\/\/www.instagram.com\/thomcoucq\/"]}]}},"_links":{"self":[{"href":"https:\/\/thomascoucq.com\/index.php\/wp-json\/wp\/v2\/pages\/4584","targetHints":{"allow":["GET"]}}],"collection":[{"href":"https:\/\/thomascoucq.com\/index.php\/wp-json\/wp\/v2\/pages"}],"about":[{"href":"https:\/\/thomascoucq.com\/index.php\/wp-json\/wp\/v2\/types\/page"}],"author":[{"embeddable":true,"href":"https:\/\/thomascoucq.com\/index.php\/wp-json\/wp\/v2\/users\/1"}],"replies":[{"embeddable":true,"href":"https:\/\/thomascoucq.com\/index.php\/wp-json\/wp\/v2\/comments?post=4584"}],"version-history":[{"count":3,"href":"https:\/\/thomascoucq.com\/index.php\/wp-json\/wp\/v2\/pages\/4584\/revisions"}],"predecessor-version":[{"id":4874,"href":"https:\/\/thomascoucq.com\/index.php\/wp-json\/wp\/v2\/pages\/4584\/revisions\/4874"}],"wp:attachment":[{"href":"https:\/\/thomascoucq.com\/index.php\/wp-json\/wp\/v2\/media?parent=4584"}],"curies":[{"name":"wp","href":"https:\/\/api.w.org\/{rel}","templated":true}]}}