{"id":4737,"date":"2023-08-08T02:06:41","date_gmt":"2023-08-08T00:06:41","guid":{"rendered":"https:\/\/thomascoucq.com\/?page_id=4737"},"modified":"2023-08-14T23:55:04","modified_gmt":"2023-08-14T21:55:04","slug":"shop","status":"publish","type":"page","link":"https:\/\/thomascoucq.com\/index.php\/shop\/","title":{"rendered":"Acheter un tirage"},"content":{"rendered":"\n<div class=\"wp-block-harington-gutenberg-container content-row light-section normal\" data-bgcolor=\"#eeeeee\" style=\"text-align:left\">\n<p class=\"has-text-align-right has-small-font-size\">*photo d&rsquo;illustration \u00a9Kal visuals<\/p>\n<\/div>\n\n\n\n<div style=\"height:70px\" aria-hidden=\"true\" class=\"wp-block-spacer\"><\/div>\n\n\n\n<div class=\"wp-block-harington-gutenberg-container content-row light-section normal\" data-bgcolor=\"#eeeeee\" style=\"text-align:left\">\n<div class=\"wp-block-columns is-layout-flex wp-container-core-columns-is-layout-9d6595d7 wp-block-columns-is-layout-flex\">\n<div class=\"wp-block-column is-vertically-aligned-center is-layout-flow wp-block-column-is-layout-flow\">\n<h4 class=\"wp-block-heading\">Vous souhaitez acqu\u00e9rir un tirage original ou une reproduction ? <\/h4>\n\n\n\n<p>Les photos pr\u00e9sent\u00e9es sont disponibles en diff\u00e9rents formats du 15&#215;15 cm au 100&#215;100 cm, sous cadre (avec ou sans passe-partout) ou contrecoll\u00e9s sur dibond. Les tirages originaux sont tir\u00e9s sur papier baryt\u00e9 Foma ou Ilford (\u00e9ditions num\u00e9rot\u00e9es et sign\u00e9es). Les reproductions num\u00e9riques sont, quant \u00e0 elles r\u00e9alis\u00e9es sur papier Hahnem\u00fchle Fine art ou sur m\u00e9tal gr\u00e2ce au proc\u00e9d\u00e9 chromaluxe. <\/p>\n\n\n\n<p>Pour plus d&rsquo;infos, contactez-moi !<\/p>\n\n\n\n<div class=\"button-box has-animation \" data-delay=\"0\"><div class=\"clapat-button-wrap parallax-wrap hide-ball\"><div class=\"clapat-button parallax-element\"><div class=\"button-border parallax-element-second rounded\"><a class=\" ajax-link animation-link\" href=\"https:\/\/thomascoucq.com\/index.php\/contact\/\" data-type=\"page-transition\" target=\"_self\"><span data-hover=\"Contact\">Contact<\/span><\/a><\/div><\/div><\/div><\/div>\n<\/div>\n\n\n\n<div class=\"wp-block-column is-layout-flow wp-block-column-is-layout-flow\">\n<div class=\"wp-block-harington-gutenberg-slider swiper-container content-slider light-cursor autocenter has-animation\" data-delay=\"0\"><div class=\"swiper-wrapper\">\n<div class=\"swiper-slide\"><div class=\"slide-img\"><img decoding=\"async\" src=\"https:\/\/thomascoucq.com\/wp-content\/uploads\/2023\/08\/Chaise_lounger_in_modern_living_room-min.jpeg\" alt=\"\" \/><\/div><\/div>\n\n\n\n<div class=\"swiper-slide\"><div class=\"slide-img\"><img decoding=\"async\" src=\"https:\/\/thomascoucq.com\/wp-content\/uploads\/2023\/08\/IMG_3499-min-min.jpg\" alt=\"\" \/><\/div><\/div>\n\n\n\n<div class=\"swiper-slide\"><div class=\"slide-img\"><img decoding=\"async\" src=\"https:\/\/thomascoucq.com\/wp-content\/uploads\/2023\/08\/IMG_3496-min-min.jpg\" alt=\"\" \/><\/div><\/div>\n\n\n\n<div class=\"swiper-slide\"><div class=\"slide-img\"><img decoding=\"async\" src=\"https:\/\/thomascoucq.com\/wp-content\/uploads\/2023\/08\/IMG_3500-min-min.jpg\" alt=\"\" \/><\/div><\/div>\n\n\n\n<div class=\"swiper-slide\"><div class=\"slide-img\"><img decoding=\"async\" src=\"https:\/\/thomascoucq.com\/wp-content\/uploads\/2023\/08\/IMG_3498-min-min.jpg\" alt=\"\" \/><\/div><\/div>\n<\/div><div class=\"slider-button-next\"><\/div><div class=\"slider-button-prev\"><\/div><div class=\"swiper-pagination\"><\/div><\/div>\n<\/div>\n<\/div>\n<\/div>\n\n\n\n<div style=\"height:70px\" aria-hidden=\"true\" class=\"wp-block-spacer\"><\/div>\n\n\n\n<div class=\"wp-block-harington-gutenberg-container content-row light-section small change-header-color has-animation\" data-bgcolor=\"#eeeeee\" style=\"text-align:left\">\n<div class=\"wp-block-harington-gutenberg-slider swiper-container content-slider dark-cursor autocenter has-animation\" data-delay=\"0\"><div class=\"swiper-wrapper\">\n<div class=\"swiper-slide\"><div class=\"slide-img\"><img decoding=\"async\" src=\"https:\/\/thomascoucq.com\/wp-content\/uploads\/2023\/08\/IMG_3507-min-min.jpg\" alt=\"\" \/><\/div><\/div>\n\n\n\n<div class=\"swiper-slide\"><div class=\"slide-img\"><img decoding=\"async\" src=\"https:\/\/thomascoucq.com\/wp-content\/uploads\/2023\/08\/IMG_3502-min-min.jpg\" alt=\"\" \/><\/div><\/div>\n\n\n\n<div class=\"swiper-slide\"><div class=\"slide-img\"><img decoding=\"async\" src=\"https:\/\/thomascoucq.com\/wp-content\/uploads\/2023\/08\/IMG_3497-min-min.jpg\" alt=\"\" \/><\/div><\/div>\n\n\n\n<div class=\"swiper-slide\"><div class=\"slide-img\"><img decoding=\"async\" src=\"https:\/\/thomascoucq.com\/wp-content\/uploads\/2023\/08\/IMG_3504-min-min.jpg\" alt=\"\" \/><\/div><\/div>\n\n\n\n<div class=\"swiper-slide\"><div class=\"slide-img\"><img decoding=\"async\" src=\"https:\/\/thomascoucq.com\/wp-content\/uploads\/2023\/08\/IMG_3508-min-min.jpg\" alt=\"\" \/><\/div><\/div>\n\n\n\n<div class=\"swiper-slide\"><div class=\"slide-img\"><img decoding=\"async\" src=\"https:\/\/thomascoucq.com\/wp-content\/uploads\/2023\/08\/IMG_3506-min-min.jpg\" alt=\"\" \/><\/div><\/div>\n<\/div><div class=\"slider-button-next\"><\/div><div class=\"slider-button-prev\"><\/div><div class=\"swiper-pagination\"><\/div><\/div>\n<\/div>\n","protected":false},"excerpt":{"rendered":"","protected":false},"author":1,"featured_media":0,"parent":0,"menu_order":0,"comment_status":"closed","ping_status":"closed","template":"","meta":{"footnotes":""},"class_list":["post-4737","page","type-page","status-publish","hentry"],"yoast_head":"<!-- This site is optimized with the Yoast SEO plugin v26.7 - https:\/\/yoast.com\/wordpress\/plugins\/seo\/ -->\n<title>Acheter un tirage - Thomascoucq.com<\/title>\n<meta name=\"robots\" content=\"index, follow, max-snippet:-1, max-image-preview:large, max-video-preview:-1\" \/>\n<link rel=\"canonical\" href=\"https:\/\/thomascoucq.com\/index.php\/shop\/\" \/>\n<meta property=\"og:locale\" content=\"fr_FR\" \/>\n<meta property=\"og:type\" content=\"article\" \/>\n<meta property=\"og:title\" content=\"Acheter un tirage - Thomascoucq.com\" \/>\n<meta property=\"og:url\" content=\"https:\/\/thomascoucq.com\/index.php\/shop\/\" \/>\n<meta property=\"og:site_name\" content=\"Thomascoucq.com\" \/>\n<meta property=\"article:publisher\" content=\"https:\/\/www.facebook.com\/thomcoucq\/\" \/>\n<meta property=\"article:modified_time\" content=\"2023-08-14T21:55:04+00:00\" \/>\n<meta property=\"og:image\" content=\"https:\/\/thomascoucq.com\/wp-content\/uploads\/2023\/07\/logo-site-3.png\" \/>\n\t<meta property=\"og:image:width\" content=\"1274\" \/>\n\t<meta property=\"og:image:height\" content=\"588\" \/>\n\t<meta property=\"og:image:type\" content=\"image\/png\" \/>\n<meta name=\"twitter:card\" content=\"summary_large_image\" \/>\n<meta name=\"twitter:label1\" content=\"Dur\u00e9e de lecture estim\u00e9e\" \/>\n\t<meta name=\"twitter:data1\" content=\"1 minute\" \/>\n<script type=\"application\/ld+json\" class=\"yoast-schema-graph\">{\"@context\":\"https:\/\/schema.org\",\"@graph\":[{\"@type\":\"WebPage\",\"@id\":\"https:\/\/thomascoucq.com\/index.php\/shop\/\",\"url\":\"https:\/\/thomascoucq.com\/index.php\/shop\/\",\"name\":\"Acheter un tirage - Thomascoucq.com\",\"isPartOf\":{\"@id\":\"https:\/\/thomascoucq.com\/#website\"},\"datePublished\":\"2023-08-08T00:06:41+00:00\",\"dateModified\":\"2023-08-14T21:55:04+00:00\",\"breadcrumb\":{\"@id\":\"https:\/\/thomascoucq.com\/index.php\/shop\/#breadcrumb\"},\"inLanguage\":\"fr-FR\",\"potentialAction\":[{\"@type\":\"ReadAction\",\"target\":[\"https:\/\/thomascoucq.com\/index.php\/shop\/\"]}]},{\"@type\":\"BreadcrumbList\",\"@id\":\"https:\/\/thomascoucq.com\/index.php\/shop\/#breadcrumb\",\"itemListElement\":[{\"@type\":\"ListItem\",\"position\":1,\"name\":\"Accueil\",\"item\":\"https:\/\/thomascoucq.com\/\"},{\"@type\":\"ListItem\",\"position\":2,\"name\":\"Acheter un tirage\"}]},{\"@type\":\"WebSite\",\"@id\":\"https:\/\/thomascoucq.com\/#website\",\"url\":\"https:\/\/thomascoucq.com\/\",\"name\":\"Thomascoucq.com\",\"description\":\"Photographie et tirage argentique\",\"publisher\":{\"@id\":\"https:\/\/thomascoucq.com\/#\/schema\/person\/649009f12f6adcf1cd8097c5380a9a2a\"},\"potentialAction\":[{\"@type\":\"SearchAction\",\"target\":{\"@type\":\"EntryPoint\",\"urlTemplate\":\"https:\/\/thomascoucq.com\/?s={search_term_string}\"},\"query-input\":{\"@type\":\"PropertyValueSpecification\",\"valueRequired\":true,\"valueName\":\"search_term_string\"}}],\"inLanguage\":\"fr-FR\"},{\"@type\":[\"Person\",\"Organization\"],\"@id\":\"https:\/\/thomascoucq.com\/#\/schema\/person\/649009f12f6adcf1cd8097c5380a9a2a\",\"name\":\"admin1844\",\"image\":{\"@type\":\"ImageObject\",\"inLanguage\":\"fr-FR\",\"@id\":\"https:\/\/thomascoucq.com\/#\/schema\/person\/image\/\",\"url\":\"https:\/\/thomascoucq.com\/wp-content\/uploads\/2023\/07\/cropped-FAVICON-Noir-et-blanc-4c-1.png\",\"contentUrl\":\"https:\/\/thomascoucq.com\/wp-content\/uploads\/2023\/07\/cropped-FAVICON-Noir-et-blanc-4c-1.png\",\"width\":512,\"height\":512,\"caption\":\"admin1844\"},\"logo\":{\"@id\":\"https:\/\/thomascoucq.com\/#\/schema\/person\/image\/\"},\"sameAs\":[\"http:\/\/thomascoucq.com\",\"https:\/\/www.facebook.com\/thomcoucq\/\",\"https:\/\/www.instagram.com\/thomcoucq\/\"]}]}<\/script>\n<!-- \/ Yoast SEO plugin. -->","yoast_head_json":{"title":"Acheter un tirage - Thomascoucq.com","robots":{"index":"index","follow":"follow","max-snippet":"max-snippet:-1","max-image-preview":"max-image-preview:large","max-video-preview":"max-video-preview:-1"},"canonical":"https:\/\/thomascoucq.com\/index.php\/shop\/","og_locale":"fr_FR","og_type":"article","og_title":"Acheter un tirage - Thomascoucq.com","og_url":"https:\/\/thomascoucq.com\/index.php\/shop\/","og_site_name":"Thomascoucq.com","article_publisher":"https:\/\/www.facebook.com\/thomcoucq\/","article_modified_time":"2023-08-14T21:55:04+00:00","og_image":[{"width":1274,"height":588,"url":"https:\/\/thomascoucq.com\/wp-content\/uploads\/2023\/07\/logo-site-3.png","type":"image\/png"}],"twitter_card":"summary_large_image","twitter_misc":{"Dur\u00e9e de lecture estim\u00e9e":"1 minute"},"schema":{"@context":"https:\/\/schema.org","@graph":[{"@type":"WebPage","@id":"https:\/\/thomascoucq.com\/index.php\/shop\/","url":"https:\/\/thomascoucq.com\/index.php\/shop\/","name":"Acheter un tirage - Thomascoucq.com","isPartOf":{"@id":"https:\/\/thomascoucq.com\/#website"},"datePublished":"2023-08-08T00:06:41+00:00","dateModified":"2023-08-14T21:55:04+00:00","breadcrumb":{"@id":"https:\/\/thomascoucq.com\/index.php\/shop\/#breadcrumb"},"inLanguage":"fr-FR","potentialAction":[{"@type":"ReadAction","target":["https:\/\/thomascoucq.com\/index.php\/shop\/"]}]},{"@type":"BreadcrumbList","@id":"https:\/\/thomascoucq.com\/index.php\/shop\/#breadcrumb","itemListElement":[{"@type":"ListItem","position":1,"name":"Accueil","item":"https:\/\/thomascoucq.com\/"},{"@type":"ListItem","position":2,"name":"Acheter un tirage"}]},{"@type":"WebSite","@id":"https:\/\/thomascoucq.com\/#website","url":"https:\/\/thomascoucq.com\/","name":"Thomascoucq.com","description":"Photographie et tirage argentique","publisher":{"@id":"https:\/\/thomascoucq.com\/#\/schema\/person\/649009f12f6adcf1cd8097c5380a9a2a"},"potentialAction":[{"@type":"SearchAction","target":{"@type":"EntryPoint","urlTemplate":"https:\/\/thomascoucq.com\/?s={search_term_string}"},"query-input":{"@type":"PropertyValueSpecification","valueRequired":true,"valueName":"search_term_string"}}],"inLanguage":"fr-FR"},{"@type":["Person","Organization"],"@id":"https:\/\/thomascoucq.com\/#\/schema\/person\/649009f12f6adcf1cd8097c5380a9a2a","name":"admin1844","image":{"@type":"ImageObject","inLanguage":"fr-FR","@id":"https:\/\/thomascoucq.com\/#\/schema\/person\/image\/","url":"https:\/\/thomascoucq.com\/wp-content\/uploads\/2023\/07\/cropped-FAVICON-Noir-et-blanc-4c-1.png","contentUrl":"https:\/\/thomascoucq.com\/wp-content\/uploads\/2023\/07\/cropped-FAVICON-Noir-et-blanc-4c-1.png","width":512,"height":512,"caption":"admin1844"},"logo":{"@id":"https:\/\/thomascoucq.com\/#\/schema\/person\/image\/"},"sameAs":["http:\/\/thomascoucq.com","https:\/\/www.facebook.com\/thomcoucq\/","https:\/\/www.instagram.com\/thomcoucq\/"]}]}},"_links":{"self":[{"href":"https:\/\/thomascoucq.com\/index.php\/wp-json\/wp\/v2\/pages\/4737","targetHints":{"allow":["GET"]}}],"collection":[{"href":"https:\/\/thomascoucq.com\/index.php\/wp-json\/wp\/v2\/pages"}],"about":[{"href":"https:\/\/thomascoucq.com\/index.php\/wp-json\/wp\/v2\/types\/page"}],"author":[{"embeddable":true,"href":"https:\/\/thomascoucq.com\/index.php\/wp-json\/wp\/v2\/users\/1"}],"replies":[{"embeddable":true,"href":"https:\/\/thomascoucq.com\/index.php\/wp-json\/wp\/v2\/comments?post=4737"}],"version-history":[{"count":32,"href":"https:\/\/thomascoucq.com\/index.php\/wp-json\/wp\/v2\/pages\/4737\/revisions"}],"predecessor-version":[{"id":5043,"href":"https:\/\/thomascoucq.com\/index.php\/wp-json\/wp\/v2\/pages\/4737\/revisions\/5043"}],"wp:attachment":[{"href":"https:\/\/thomascoucq.com\/index.php\/wp-json\/wp\/v2\/media?parent=4737"}],"curies":[{"name":"wp","href":"https:\/\/api.w.org\/{rel}","templated":true}]}}